{"id":105,"date":"2021-11-26T11:10:32","date_gmt":"2021-11-26T10:10:32","guid":{"rendered":"http:\/\/veronique-carquain-sophrologue.fr\/?page_id=105"},"modified":"2021-12-02T16:41:36","modified_gmt":"2021-12-02T15:41:36","slug":"la-sophrologie","status":"publish","type":"page","link":"https:\/\/veronique-carquain-sophrologue.fr\/?page_id=105","title":{"rendered":"La Sophrologie"},"content":{"rendered":"\n<h3 class=\"wp-block-heading\"><\/h3>\n\n\n\n<p>Cr\u00e9\u00e9e en milieu hospitalier et d\u00e9velopp\u00e9e depuis 1960 par le Dr Alfonso Caycedo (m\u00e9decin psychiatre) la Sophrologie Cayc\u00e9dienne est un entra\u00eenement du corps et de l&#8217;esprit pour d\u00e9velopper bien -\u00eatre et s\u00e9r\u00e9nit\u00e9.<\/p>\n\n\n\n<div class=\"wp-block-columns is-layout-flex wp-container-core-columns-is-layout-9d6595d7 wp-block-columns-is-layout-flex\">\n<div class=\"wp-block-column is-layout-flow wp-block-column-is-layout-flow\" style=\"flex-basis:33.33%\">\n<figure class=\"wp-block-image size-large\"><img loading=\"lazy\" decoding=\"async\" width=\"683\" height=\"1024\" src=\"https:\/\/veronique-carquain-sophrologue.fr\/wp-content\/uploads\/2021\/11\/pexels-darina-belonogova-8789646-683x1024.jpg\" alt=\"\" class=\"wp-image-127\" srcset=\"https:\/\/veronique-carquain-sophrologue.fr\/wp-content\/uploads\/2021\/11\/pexels-darina-belonogova-8789646-683x1024.jpg 683w, https:\/\/veronique-carquain-sophrologue.fr\/wp-content\/uploads\/2021\/11\/pexels-darina-belonogova-8789646-200x300.jpg 200w, https:\/\/veronique-carquain-sophrologue.fr\/wp-content\/uploads\/2021\/11\/pexels-darina-belonogova-8789646-768x1152.jpg 768w, https:\/\/veronique-carquain-sophrologue.fr\/wp-content\/uploads\/2021\/11\/pexels-darina-belonogova-8789646-1024x1536.jpg 1024w, https:\/\/veronique-carquain-sophrologue.fr\/wp-content\/uploads\/2021\/11\/pexels-darina-belonogova-8789646-1365x2048.jpg 1365w, https:\/\/veronique-carquain-sophrologue.fr\/wp-content\/uploads\/2021\/11\/pexels-darina-belonogova-8789646-1800x2700.jpg 1800w, https:\/\/veronique-carquain-sophrologue.fr\/wp-content\/uploads\/2021\/11\/pexels-darina-belonogova-8789646-scaled.jpg 1706w\" sizes=\"auto, (max-width: 683px) 100vw, 683px\" \/><\/figure>\n<\/div>\n\n\n\n<div class=\"wp-block-column is-layout-flow wp-block-column-is-layout-flow\" style=\"flex-basis:66.66%\">\n<h3 class=\"wp-block-heading\">Pour qui?<\/h3>\n\n\n\n<p>Pour les adultes, les s\u00e9niors, les enfants et les adolescents.<\/p>\n\n\n\n<p>Accessible \u00e0 tous, la Sophrologie s&#8217;adapte parfaitement aux besoins de chacun avec des exercices simples et efficaces.<\/p>\n\n\n\n<figure class=\"wp-block-image size-large\"><img loading=\"lazy\" decoding=\"async\" width=\"600\" height=\"300\" src=\"http:\/\/veronique-carquain-sophrologue.fr\/wp-content\/uploads\/2021\/12\/origine-sophrologie.jpg\" alt=\"\" class=\"wp-image-178\" srcset=\"https:\/\/veronique-carquain-sophrologue.fr\/wp-content\/uploads\/2021\/12\/origine-sophrologie.jpg 600w, https:\/\/veronique-carquain-sophrologue.fr\/wp-content\/uploads\/2021\/12\/origine-sophrologie-300x150.jpg 300w\" sizes=\"auto, (max-width: 600px) 100vw, 600px\" \/><\/figure>\n\n\n\n<p><\/p>\n<\/div>\n<\/div>\n\n\n\n<h3 class=\"wp-block-heading\">Pour quoi?<\/h3>\n\n\n\n<div class=\"wp-block-columns is-layout-flex wp-container-core-columns-is-layout-9d6595d7 wp-block-columns-is-layout-flex\">\n<div class=\"wp-block-column is-layout-flow wp-block-column-is-layout-flow\">\n<ul class=\"wp-block-list\"><li>Gestion du stress<\/li><li>Gestion des \u00e9motions<\/li><li>Sommeil<\/li><li>Relaxation<\/li><li>Anxi\u00e9t\u00e9, phobies<\/li><li>Grossesse<\/li><\/ul>\n<\/div>\n\n\n\n<div class=\"wp-block-column is-layout-flow wp-block-column-is-layout-flow\">\n<ul class=\"wp-block-list\"><li>Confiance et estime de soi<\/li><li>Gestion de la douleur<\/li><li>Am\u00e9lioration des performances<\/li><li>Accompagnement de projets<\/li><li>Pr\u00e9paration aux examens<\/li><li>Et bien plus encore&#8230;<\/li><\/ul>\n<\/div>\n<\/div>\n\n\n\n<h3 class=\"wp-block-heading\">Comment ?<\/h3>\n\n\n\n<p>La Sophrologie utilise des techniques simples de relaxation, respiration, d\u00e9tente et visualisation positive, faciles \u00e0 reproduire chez soi.<\/p>\n\n\n\n<p><\/p>\n","protected":false},"excerpt":{"rendered":"<p>Cr\u00e9\u00e9e en milieu hospitalier et d\u00e9velopp\u00e9e depuis 1960 par le Dr Alfonso Caycedo (m\u00e9decin psychiatre) la Sophrologie Cayc\u00e9dienne est un entra\u00eenement du corps et de [&#8230;]<\/p>\n","protected":false},"author":1,"featured_media":0,"parent":0,"menu_order":0,"comment_status":"closed","ping_status":"closed","template":"","meta":{"footnotes":""},"class_list":["post-105","page","type-page","status-publish","hentry"],"_links":{"self":[{"href":"https:\/\/veronique-carquain-sophrologue.fr\/index.php?rest_route=\/wp\/v2\/pages\/105","targetHints":{"allow":["GET"]}}],"collection":[{"href":"https:\/\/veronique-carquain-sophrologue.fr\/index.php?rest_route=\/wp\/v2\/pages"}],"about":[{"href":"https:\/\/veronique-carquain-sophrologue.fr\/index.php?rest_route=\/wp\/v2\/types\/page"}],"author":[{"embeddable":true,"href":"https:\/\/veronique-carquain-sophrologue.fr\/index.php?rest_route=\/wp\/v2\/users\/1"}],"replies":[{"embeddable":true,"href":"https:\/\/veronique-carquain-sophrologue.fr\/index.php?rest_route=%2Fwp%2Fv2%2Fcomments&post=105"}],"version-history":[{"count":3,"href":"https:\/\/veronique-carquain-sophrologue.fr\/index.php?rest_route=\/wp\/v2\/pages\/105\/revisions"}],"predecessor-version":[{"id":179,"href":"https:\/\/veronique-carquain-sophrologue.fr\/index.php?rest_route=\/wp\/v2\/pages\/105\/revisions\/179"}],"wp:attachment":[{"href":"https:\/\/veronique-carquain-sophrologue.fr\/index.php?rest_route=%2Fwp%2Fv2%2Fmedia&parent=105"}],"curies":[{"name":"wp","href":"https:\/\/api.w.org\/{rel}","templated":true}]}}