{"id":107,"date":"2021-11-26T11:10:56","date_gmt":"2021-11-26T10:10:56","guid":{"rendered":"http:\/\/veronique-carquain-sophrologue.fr\/?page_id=107"},"modified":"2021-12-21T15:58:28","modified_gmt":"2021-12-21T14:58:28","slug":"aqua-sophrologie","status":"publish","type":"page","link":"https:\/\/veronique-carquain-sophrologue.fr\/?page_id=107","title":{"rendered":"Aqua-Sophrologie"},"content":{"rendered":"\n<h4 class=\"wp-block-heading\"><strong>LA SOPHROLOGIE DANS L&#8217;EA<\/strong>U :<\/h4>\n\n\n\n<h5 class=\"wp-block-heading\"><strong><strong>Une Source de bien-\u00eatre<\/strong><\/strong><\/h5>\n\n\n\n<figure class=\"wp-block-gallery columns-1 is-cropped wp-block-gallery-1 is-layout-flex wp-block-gallery-is-layout-flex\"><ul class=\"blocks-gallery-grid\"><li class=\"blocks-gallery-item\"><figure><img loading=\"lazy\" decoding=\"async\" width=\"564\" height=\"564\" src=\"http:\/\/veronique-carquain-sophrologue.fr\/wp-content\/uploads\/2021\/11\/femme-detente-eau.jpg\" alt=\"\" data-id=\"50\" class=\"wp-image-50\" srcset=\"https:\/\/veronique-carquain-sophrologue.fr\/wp-content\/uploads\/2021\/11\/femme-detente-eau.jpg 564w, https:\/\/veronique-carquain-sophrologue.fr\/wp-content\/uploads\/2021\/11\/femme-detente-eau-300x300.jpg 300w, https:\/\/veronique-carquain-sophrologue.fr\/wp-content\/uploads\/2021\/11\/femme-detente-eau-150x150.jpg 150w\" sizes=\"auto, (max-width: 564px) 100vw, 564px\" \/><figcaption class=\"blocks-gallery-item__caption\">L&#8217;eau me porte, je lui fais confiance, j&#8217;oublie tout, je ne rumine plus<\/figcaption><\/figure><\/li><\/ul><\/figure>\n\n\n\n<p>Je me suis form\u00e9e en 2021 \u00e0 la M\u00e9thode V2S-Aquatic avec V\u00e9ronique Sebire-Sorel Sophrologue certifi\u00e9e et cr\u00e9atrice de l&#8217;aqua-sophrologie (2012).<\/p>\n\n\n\n<div class=\"wp-block-image\"><figure class=\"aligncenter size-large is-resized\"><img loading=\"lazy\" decoding=\"async\" src=\"https:\/\/veronique-carquain-sophrologue.fr\/wp-content\/uploads\/2021\/11\/Sans-titre.png\" alt=\"\" class=\"wp-image-142\" width=\"250\" height=\"250\" srcset=\"https:\/\/veronique-carquain-sophrologue.fr\/wp-content\/uploads\/2021\/11\/Sans-titre.png 500w, https:\/\/veronique-carquain-sophrologue.fr\/wp-content\/uploads\/2021\/11\/Sans-titre-300x300.png 300w, https:\/\/veronique-carquain-sophrologue.fr\/wp-content\/uploads\/2021\/11\/Sans-titre-150x150.png 150w\" sizes=\"auto, (max-width: 250px) 100vw, 250px\" \/><\/figure><\/div>\n\n\n\n<p><strong>La sophrologie aquatique se pratique dans une eau \u00e0 32\u00b0.Les exercices sont adapt\u00e9s au milieu aquatique et permettent de d\u00e9couvrir d\u2019autres sensations et perceptions de son corps.<\/strong><\/p>\n\n\n\n<figure class=\"wp-block-image size-large\"><img loading=\"lazy\" decoding=\"async\" width=\"615\" height=\"615\" src=\"http:\/\/veronique-carquain-sophrologue.fr\/wp-content\/uploads\/2021\/12\/Photo-groupe-aqua-sophro.jpg\" alt=\"\" class=\"wp-image-180\" srcset=\"https:\/\/veronique-carquain-sophrologue.fr\/wp-content\/uploads\/2021\/12\/Photo-groupe-aqua-sophro.jpg 615w, https:\/\/veronique-carquain-sophrologue.fr\/wp-content\/uploads\/2021\/12\/Photo-groupe-aqua-sophro-300x300.jpg 300w, https:\/\/veronique-carquain-sophrologue.fr\/wp-content\/uploads\/2021\/12\/Photo-groupe-aqua-sophro-150x150.jpg 150w\" sizes=\"auto, (max-width: 615px) 100vw, 615px\" \/><\/figure>\n\n\n\n<p>L&#8217;eau cr\u00e9e un effet d&#8217;enveloppement, de confort. On se sent prot\u00e9g\u00e9 et en union avec elle.<\/p>\n\n\n\n<p>Par sa r\u00e9ciprocit\u00e9, nous touchons l&#8217;eau mais elle nous touche aussi .<\/p>\n\n\n\n<p>Lors des exercices et des mouvements pratiqu\u00e9s dans l&#8217;eau, ces derniers peuvent \u00eatre dirig\u00e9s vers l&#8217;ext\u00e9rieur (mouvements du corps et onde de propagation) ou \u00eatre dirig\u00e9s vers soi pour amener douceur et bien-\u00eatre.<\/p>\n\n\n\n<p>J&#8217;interviens pour des s\u00e9ances en petits groupes dans les centres aquatiques, piscines municipales, piscines de loisirs en camping, h\u00f4tels, baln\u00e9os, thalassoth\u00e9rapies, piscines de kin\u00e9s, centres de r\u00e9\u00e9ducation&#8230;<\/p>\n\n\n\n<p>Mes champs d&#8217;application :<\/p>\n\n\n\n<ul class=\"wp-block-list\" id=\"block-8a597726-a97b-4b78-85d2-36af92f76d68\"><li>Loisirs<\/li><li>Relaxation<\/li><li>Tourisme<\/li><li>M\u00e9dical\/r\u00e9\u00e9ducation<\/li><li>Milieu handicap<\/li><\/ul>\n\n\n\n<div class=\"wp-block-image\"><figure class=\"aligncenter size-large\"><img loading=\"lazy\" decoding=\"async\" width=\"1024\" height=\"684\" src=\"http:\/\/veronique-carquain-sophrologue.fr\/wp-content\/uploads\/2021\/11\/pexels-tirachard-kumtanom-347143-1024x684.jpg\" alt=\"\" class=\"wp-image-52\" srcset=\"https:\/\/veronique-carquain-sophrologue.fr\/wp-content\/uploads\/2021\/11\/pexels-tirachard-kumtanom-347143-1024x684.jpg 1024w, https:\/\/veronique-carquain-sophrologue.fr\/wp-content\/uploads\/2021\/11\/pexels-tirachard-kumtanom-347143-300x200.jpg 300w, https:\/\/veronique-carquain-sophrologue.fr\/wp-content\/uploads\/2021\/11\/pexels-tirachard-kumtanom-347143-768x513.jpg 768w, https:\/\/veronique-carquain-sophrologue.fr\/wp-content\/uploads\/2021\/11\/pexels-tirachard-kumtanom-347143-1536x1025.jpg 1536w, https:\/\/veronique-carquain-sophrologue.fr\/wp-content\/uploads\/2021\/11\/pexels-tirachard-kumtanom-347143-2048x1367.jpg 2048w, https:\/\/veronique-carquain-sophrologue.fr\/wp-content\/uploads\/2021\/11\/pexels-tirachard-kumtanom-347143-1200x801.jpg 1200w, https:\/\/veronique-carquain-sophrologue.fr\/wp-content\/uploads\/2021\/11\/pexels-tirachard-kumtanom-347143-1980x1322.jpg 1980w\" sizes=\"auto, (max-width: 1024px) 100vw, 1024px\" \/><figcaption>La notion de triple alliance : L&#8217;Eau, le Sophrologue et le Sophronisant<\/figcaption><\/figure><\/div>\n","protected":false},"excerpt":{"rendered":"<p>LA SOPHROLOGIE DANS L&#8217;EAU : Une Source de bien-\u00eatre Je me suis form\u00e9e en 2021 \u00e0 la M\u00e9thode V2S-Aquatic avec V\u00e9ronique Sebire-Sorel Sophrologue certifi\u00e9e et [&#8230;]<\/p>\n","protected":false},"author":1,"featured_media":0,"parent":0,"menu_order":0,"comment_status":"closed","ping_status":"closed","template":"","meta":{"footnotes":""},"class_list":["post-107","page","type-page","status-publish","hentry"],"_links":{"self":[{"href":"https:\/\/veronique-carquain-sophrologue.fr\/index.php?rest_route=\/wp\/v2\/pages\/107","targetHints":{"allow":["GET"]}}],"collection":[{"href":"https:\/\/veronique-carquain-sophrologue.fr\/index.php?rest_route=\/wp\/v2\/pages"}],"about":[{"href":"https:\/\/veronique-carquain-sophrologue.fr\/index.php?rest_route=\/wp\/v2\/types\/page"}],"author":[{"embeddable":true,"href":"https:\/\/veronique-carquain-sophrologue.fr\/index.php?rest_route=\/wp\/v2\/users\/1"}],"replies":[{"embeddable":true,"href":"https:\/\/veronique-carquain-sophrologue.fr\/index.php?rest_route=%2Fwp%2Fv2%2Fcomments&post=107"}],"version-history":[{"count":9,"href":"https:\/\/veronique-carquain-sophrologue.fr\/index.php?rest_route=\/wp\/v2\/pages\/107\/revisions"}],"predecessor-version":[{"id":230,"href":"https:\/\/veronique-carquain-sophrologue.fr\/index.php?rest_route=\/wp\/v2\/pages\/107\/revisions\/230"}],"wp:attachment":[{"href":"https:\/\/veronique-carquain-sophrologue.fr\/index.php?rest_route=%2Fwp%2Fv2%2Fmedia&parent=107"}],"curies":[{"name":"wp","href":"https:\/\/api.w.org\/{rel}","templated":true}]}}