{"id":122,"date":"2021-11-26T11:24:39","date_gmt":"2021-11-26T10:24:39","guid":{"rendered":"http:\/\/veronique-carquain-sophrologue.fr\/?page_id=122"},"modified":"2021-11-26T11:57:13","modified_gmt":"2021-11-26T10:57:13","slug":"en-entreprise","status":"publish","type":"page","link":"https:\/\/veronique-carquain-sophrologue.fr\/?page_id=122","title":{"rendered":"En Entreprise"},"content":{"rendered":"\n<ul class=\"wp-block-list\" id=\"block-743606d1-848b-428d-9cd4-748a6324831e\"><li>Pour faire une v\u00e9ritable pause dans la journ\u00e9e et reprendre le travail avec un esprit neuf<\/li><li>Pour se d\u00e9tendre et retrouver des forces<\/li><li>Pour acqu\u00e9rir des techniques de relaxation, de respiration, de visualisation cr\u00e9atrice, utiles aussi bien au travail que dans la vie priv\u00e9e<\/li><li>Pour b\u00e9n\u00e9ficier de l&#8217;\u00e9nergie du groupe et resserrer les liens dans les \u00e9quipes<\/li><li>Pour d\u00e9couvrir ses espaces int\u00e9rieurs et pour contacter ses potentiels<\/li><\/ul>\n\n\n\n<figure class=\"wp-block-gallery columns-1 is-cropped wp-block-gallery-1 is-layout-flex wp-block-gallery-is-layout-flex\"><ul class=\"blocks-gallery-grid\"><li class=\"blocks-gallery-item\"><figure><img loading=\"lazy\" decoding=\"async\" width=\"563\" height=\"615\" src=\"http:\/\/veronique-carquain-sophrologue.fr\/wp-content\/uploads\/2021\/11\/Mots-Sophrologie.jpg\" alt=\"\" data-id=\"44\" data-full-url=\"http:\/\/veronique-carquain-sophrologue.fr\/wp-content\/uploads\/2021\/11\/Mots-Sophrologie.jpg\" data-link=\"http:\/\/veronique-carquain-sophrologue.fr\/?attachment_id=44\" class=\"wp-image-44\" srcset=\"https:\/\/veronique-carquain-sophrologue.fr\/wp-content\/uploads\/2021\/11\/Mots-Sophrologie.jpg 563w, https:\/\/veronique-carquain-sophrologue.fr\/wp-content\/uploads\/2021\/11\/Mots-Sophrologie-275x300.jpg 275w\" sizes=\"auto, (max-width: 563px) 100vw, 563px\" \/><\/figure><\/li><\/ul><\/figure>\n","protected":false},"excerpt":{"rendered":"<p>Pour faire une v\u00e9ritable pause dans la journ\u00e9e et reprendre le travail avec un esprit neuf Pour se d\u00e9tendre et retrouver des forces Pour acqu\u00e9rir [&#8230;]<\/p>\n","protected":false},"author":1,"featured_media":0,"parent":0,"menu_order":0,"comment_status":"closed","ping_status":"closed","template":"","meta":{"footnotes":""},"class_list":["post-122","page","type-page","status-publish","hentry"],"_links":{"self":[{"href":"https:\/\/veronique-carquain-sophrologue.fr\/index.php?rest_route=\/wp\/v2\/pages\/122","targetHints":{"allow":["GET"]}}],"collection":[{"href":"https:\/\/veronique-carquain-sophrologue.fr\/index.php?rest_route=\/wp\/v2\/pages"}],"about":[{"href":"https:\/\/veronique-carquain-sophrologue.fr\/index.php?rest_route=\/wp\/v2\/types\/page"}],"author":[{"embeddable":true,"href":"https:\/\/veronique-carquain-sophrologue.fr\/index.php?rest_route=\/wp\/v2\/users\/1"}],"replies":[{"embeddable":true,"href":"https:\/\/veronique-carquain-sophrologue.fr\/index.php?rest_route=%2Fwp%2Fv2%2Fcomments&post=122"}],"version-history":[{"count":3,"href":"https:\/\/veronique-carquain-sophrologue.fr\/index.php?rest_route=\/wp\/v2\/pages\/122\/revisions"}],"predecessor-version":[{"id":140,"href":"https:\/\/veronique-carquain-sophrologue.fr\/index.php?rest_route=\/wp\/v2\/pages\/122\/revisions\/140"}],"wp:attachment":[{"href":"https:\/\/veronique-carquain-sophrologue.fr\/index.php?rest_route=%2Fwp%2Fv2%2Fmedia&parent=122"}],"curies":[{"name":"wp","href":"https:\/\/api.w.org\/{rel}","templated":true}]}}