{"id":97,"date":"2021-11-26T10:27:00","date_gmt":"2021-11-26T09:27:00","guid":{"rendered":"http:\/\/veronique-carquain-sophrologue.fr\/?page_id=97"},"modified":"2024-01-21T18:01:36","modified_gmt":"2024-01-21T17:01:36","slug":"accueil","status":"publish","type":"page","link":"https:\/\/veronique-carquain-sophrologue.fr\/","title":{"rendered":"Accueil"},"content":{"rendered":"\n<h3 class=\"wp-block-heading is-style-default has-text-color\" style=\"color:#cf16e8\">La Sophrologie est une science, une philosophie et un art de vivre<\/h3>\n\n\n\n<figure class=\"wp-block-image size-large\"><img loading=\"lazy\" decoding=\"async\" width=\"1024\" height=\"683\" src=\"https:\/\/veronique-carquain-sophrologue.fr\/wp-content\/uploads\/2021\/11\/pexels-alexander-suhorucov-6457563-1-1024x683.jpg\" alt=\"\" class=\"wp-image-102\" srcset=\"https:\/\/veronique-carquain-sophrologue.fr\/wp-content\/uploads\/2021\/11\/pexels-alexander-suhorucov-6457563-1-1024x683.jpg 1024w, https:\/\/veronique-carquain-sophrologue.fr\/wp-content\/uploads\/2021\/11\/pexels-alexander-suhorucov-6457563-1-300x200.jpg 300w, https:\/\/veronique-carquain-sophrologue.fr\/wp-content\/uploads\/2021\/11\/pexels-alexander-suhorucov-6457563-1-768x512.jpg 768w, https:\/\/veronique-carquain-sophrologue.fr\/wp-content\/uploads\/2021\/11\/pexels-alexander-suhorucov-6457563-1-1536x1024.jpg 1536w, https:\/\/veronique-carquain-sophrologue.fr\/wp-content\/uploads\/2021\/11\/pexels-alexander-suhorucov-6457563-1-2048x1365.jpg 2048w, https:\/\/veronique-carquain-sophrologue.fr\/wp-content\/uploads\/2021\/11\/pexels-alexander-suhorucov-6457563-1-1800x1200.jpg 1800w\" sizes=\"auto, (max-width: 1024px) 100vw, 1024px\" \/><\/figure>\n\n\n\n<p>La sophrologie est un ensemble de techniques de relaxation visant \u00e0 renforcer le positif en soi.<br>Chaque personne a en elle les capacit\u00e9s pour se sentir bien, mieux r\u00e9agir face au stress, \u00eatre ma\u00eetre de ses \u00e9motions.<br>La sophrologie, \u00e0 travers ses techniques, va aider les personnes \u00e0 trouver au fond d&#8217;elles-m\u00eames ces capacit\u00e9s, et \u00e0 les renforcer.<br>La sophrologie aide \u00e0 poser un regard plus positif sur le monde.<br>Elle est votre partenaire de Bien-Etre.<br>La sophrologie ne se substitue en aucun cas \u00e0 un traitement m\u00e9dical.<\/p>\n\n\n\n<h3 class=\"wp-block-heading\">Mon parcours<\/h3>\n\n\n\n<p>V\u00e9ronique Carquain<\/p>\n\n\n\n<figure class=\"wp-block-image size-large is-resized\"><img loading=\"lazy\" decoding=\"async\" width=\"368\" height=\"356\" src=\"http:\/\/veronique-carquain-sophrologue.fr\/wp-content\/uploads\/2021\/12\/logo-chambre-syndicale-sophrologie-1.png\" alt=\"\" class=\"wp-image-183\" style=\"width:207px;height:200px\" srcset=\"https:\/\/veronique-carquain-sophrologue.fr\/wp-content\/uploads\/2021\/12\/logo-chambre-syndicale-sophrologie-1.png 368w, https:\/\/veronique-carquain-sophrologue.fr\/wp-content\/uploads\/2021\/12\/logo-chambre-syndicale-sophrologie-1-300x290.png 300w\" sizes=\"auto, (max-width: 368px) 100vw, 368px\" \/><\/figure>\n\n\n\n<p><strong>Sophrologue-Praticienne de Bien-Etre<\/strong> <strong>et sp\u00e9cialis\u00e9e en Aqua-Sophrologie<\/strong><\/p>\n\n\n\n<p><span style=\"background-color:rgba(0, 0, 0, 0);color:#9516e3\" class=\"has-inline-color\">&#8220;Pour vous accompagner afin de mieux vivre votre quotidien et vous r\u00e9approprier votre corps&#8221;<\/span><\/p>\n\n\n\n<p>Je suis Sophrologue certifi\u00e9e de l\u2019Ecole Europ\u00e9enne de Bien-Etre \u00e0 Paris 15\u00e8me.<\/p>\n\n\n\n<p>Sophrologue en Entreprise, j&#8217;anime des ateliers (Sophrologie et m\u00e9ditation) avec les salari\u00e9s pendant leur pause d\u00e9jeuner depuis 2015.<\/p>\n\n\n\n<p>Grande amoureuse du milieu aquatique, je me suis form\u00e9e \u00e0 l&#8217;aqua-Sophrologie en 2021<\/p>\n\n\n\n<figure class=\"wp-block-gallery has-nested-images columns-default is-cropped wp-block-gallery-1 is-layout-flex wp-block-gallery-is-layout-flex\">\n<figure class=\"wp-block-image size-large\"><img loading=\"lazy\" decoding=\"async\" width=\"399\" height=\"399\" data-id=\"39\" src=\"https:\/\/veronique-carquain-sophrologue.fr\/wp-content\/uploads\/2021\/11\/Photo-vero-sophrologie.jpg\" alt=\"\" class=\"wp-image-39\" srcset=\"https:\/\/veronique-carquain-sophrologue.fr\/wp-content\/uploads\/2021\/11\/Photo-vero-sophrologie.jpg 399w, https:\/\/veronique-carquain-sophrologue.fr\/wp-content\/uploads\/2021\/11\/Photo-vero-sophrologie-300x300.jpg 300w, https:\/\/veronique-carquain-sophrologue.fr\/wp-content\/uploads\/2021\/11\/Photo-vero-sophrologie-150x150.jpg 150w\" sizes=\"auto, (max-width: 399px) 100vw, 399px\" \/><\/figure>\n<\/figure>\n","protected":false},"excerpt":{"rendered":"<p>La Sophrologie est une science, une philosophie et un art de vivre La sophrologie est un ensemble de techniques de relaxation visant \u00e0 renforcer le [&#8230;]<\/p>\n","protected":false},"author":1,"featured_media":0,"parent":0,"menu_order":0,"comment_status":"closed","ping_status":"closed","template":"","meta":{"footnotes":""},"class_list":["post-97","page","type-page","status-publish","hentry"],"_links":{"self":[{"href":"https:\/\/veronique-carquain-sophrologue.fr\/index.php?rest_route=\/wp\/v2\/pages\/97","targetHints":{"allow":["GET"]}}],"collection":[{"href":"https:\/\/veronique-carquain-sophrologue.fr\/index.php?rest_route=\/wp\/v2\/pages"}],"about":[{"href":"https:\/\/veronique-carquain-sophrologue.fr\/index.php?rest_route=\/wp\/v2\/types\/page"}],"author":[{"embeddable":true,"href":"https:\/\/veronique-carquain-sophrologue.fr\/index.php?rest_route=\/wp\/v2\/users\/1"}],"replies":[{"embeddable":true,"href":"https:\/\/veronique-carquain-sophrologue.fr\/index.php?rest_route=%2Fwp%2Fv2%2Fcomments&post=97"}],"version-history":[{"count":14,"href":"https:\/\/veronique-carquain-sophrologue.fr\/index.php?rest_route=\/wp\/v2\/pages\/97\/revisions"}],"predecessor-version":[{"id":240,"href":"https:\/\/veronique-carquain-sophrologue.fr\/index.php?rest_route=\/wp\/v2\/pages\/97\/revisions\/240"}],"wp:attachment":[{"href":"https:\/\/veronique-carquain-sophrologue.fr\/index.php?rest_route=%2Fwp%2Fv2%2Fmedia&parent=97"}],"curies":[{"name":"wp","href":"https:\/\/api.w.org\/{rel}","templated":true}]}}